{"id":18,"date":"2017-02-23T15:49:41","date_gmt":"2017-02-23T18:49:41","guid":{"rendered":"http:\/\/clinpet.com.br\/site\/?page_id=18"},"modified":"2017-04-24T10:25:05","modified_gmt":"2017-04-24T13:25:05","slug":"centro-estetico-animal","status":"publish","type":"page","link":"http:\/\/clinpet.com.br\/site\/index.php\/centro-estetico-animal\/","title":{"rendered":"CENTRO EST\u00c9TICO ANIMAL"},"content":{"rendered":"<p style=\"text-align: justify;\"><img decoding=\"async\" loading=\"lazy\" class=\"size-medium wp-image-70 alignleft\" src=\"http:\/\/clinpet.com.br\/site\/wp-content\/uploads\/2017\/02\/IMG_2807-300x200.jpg\" alt=\"\" width=\"300\" height=\"200\" srcset=\"http:\/\/clinpet.com.br\/site\/wp-content\/uploads\/2017\/02\/IMG_2807-300x200.jpg 300w, http:\/\/clinpet.com.br\/site\/wp-content\/uploads\/2017\/02\/IMG_2807-768x512.jpg 768w, http:\/\/clinpet.com.br\/site\/wp-content\/uploads\/2017\/02\/IMG_2807-1024x683.jpg 1024w\" sizes=\"(max-width: 300px) 100vw, 300px\" \/>Dispomos de profissional altamente capacitado e treinado que trata seu pet com cuidado, carinho e respeito, oferecendo uma ampla gama de servi\u00e7os no banho e tosa.<\/p>\n<p style=\"text-align: justify;\">Os servi\u00e7os s\u00e3o executados com produtos de alta qualidade e tecnologia, que garantem a excel\u00eancia do atendimento e a satisfa\u00e7\u00e3o dos clientes. Sempre preocupados com a higiene e sa\u00fade dos nossos animais, usamos toalhas individualmente lacradas e esterilizadas por uma empresa especializada no mercado.<\/p>\n<p style=\"text-align: justify;\">Para que seu pet fique ainda mais bonito, realizamos os mais variados servi\u00e7os de est\u00e9tica e embelezamento animal canino e felino.<\/p>\n<p style=\"text-align: justify;\"><img decoding=\"async\" loading=\"lazy\" class=\"size-medium wp-image-71 alignright\" src=\"http:\/\/clinpet.com.br\/site\/wp-content\/uploads\/2017\/02\/IMG_2808-300x200.jpg\" alt=\"\" width=\"300\" height=\"200\" srcset=\"http:\/\/clinpet.com.br\/site\/wp-content\/uploads\/2017\/02\/IMG_2808-300x200.jpg 300w, http:\/\/clinpet.com.br\/site\/wp-content\/uploads\/2017\/02\/IMG_2808-768x512.jpg 768w, http:\/\/clinpet.com.br\/site\/wp-content\/uploads\/2017\/02\/IMG_2808-1024x683.jpg 1024w\" sizes=\"(max-width: 300px) 100vw, 300px\" \/>\u00c9 poss\u00edvel realizar tratamentos espec\u00edficos, para cada tipo de p\u00ealo e necessidade como, por exemplo, a cauteriza\u00e7\u00e3o e a hidrata\u00e7\u00e3o dos p\u00ealos; uma variedade de op\u00e7\u00f5es est\u00e9ticas que v\u00e3o das mechas, tinturas, tatuagens tempor\u00e1rias, al\u00e9m, \u00e9 claro das tosas especializadas, determinada para cada ra\u00e7a.<\/p>\n<p style=\"text-align: justify;\">Oferecemos servi\u00e7os de tosas com tesouras tais como:<\/p>\n<p style=\"text-align: justify;\"><strong>Tosas da ra\u00e7a<\/strong><\/p>\n<p style=\"text-align: justify;\"><strong>Tosa bebe<\/strong><\/p>\n<p style=\"text-align: justify;\"><strong>Tosa Japonesa<\/strong><\/p>\n<p style=\"text-align: justify;\"><strong>Desembolo<\/strong><\/p>\n<p style=\"text-align: justify;\"><strong>Remo\u00e7\u00e3o de subpelo<\/strong><\/p>\n<p style=\"text-align: justify;\"><strong>Hidrata\u00e7\u00e3o<\/strong><\/p>\n<p style=\"text-align: justify;\"><strong>Cauteriza\u00e7\u00e3o<\/strong><\/p>\n<p style=\"text-align: justify;\"><strong>O furo<\/strong><\/p>\n","protected":false},"excerpt":{"rendered":"<p>Dispomos de profissional altamente capacitado e treinado que trata seu pet com cuidado, carinho e respeito, oferecendo uma ampla gama de servi\u00e7os no banho e<\/p>\n<div class=\"read-more-wrapper\"><a class=\"link small\" href=\"http:\/\/clinpet.com.br\/site\/index.php\/centro-estetico-animal\/\" role=\"button\">Read more<span class=\"nc-icon-glyph arrows-1_bold-right\"><\/span><\/a><\/div>\n","protected":false},"author":1,"featured_media":0,"parent":0,"menu_order":0,"comment_status":"closed","ping_status":"closed","template":"","meta":[],"_links":{"self":[{"href":"http:\/\/clinpet.com.br\/site\/index.php\/wp-json\/wp\/v2\/pages\/18"}],"collection":[{"href":"http:\/\/clinpet.com.br\/site\/index.php\/wp-json\/wp\/v2\/pages"}],"about":[{"href":"http:\/\/clinpet.com.br\/site\/index.php\/wp-json\/wp\/v2\/types\/page"}],"author":[{"embeddable":true,"href":"http:\/\/clinpet.com.br\/site\/index.php\/wp-json\/wp\/v2\/users\/1"}],"replies":[{"embeddable":true,"href":"http:\/\/clinpet.com.br\/site\/index.php\/wp-json\/wp\/v2\/comments?post=18"}],"version-history":[{"count":4,"href":"http:\/\/clinpet.com.br\/site\/index.php\/wp-json\/wp\/v2\/pages\/18\/revisions"}],"predecessor-version":[{"id":87,"href":"http:\/\/clinpet.com.br\/site\/index.php\/wp-json\/wp\/v2\/pages\/18\/revisions\/87"}],"wp:attachment":[{"href":"http:\/\/clinpet.com.br\/site\/index.php\/wp-json\/wp\/v2\/media?parent=18"}],"curies":[{"name":"wp","href":"https:\/\/api.w.org\/{rel}","templated":true}]}}