{"id":22,"date":"2017-02-23T15:50:43","date_gmt":"2017-02-23T18:50:43","guid":{"rendered":"http:\/\/clinpet.com.br\/site\/?page_id=22"},"modified":"2017-05-01T14:03:05","modified_gmt":"2017-05-01T17:03:05","slug":"qualidade","status":"publish","type":"page","link":"http:\/\/clinpet.com.br\/site\/index.php\/qualidade\/","title":{"rendered":"QUALIDADE"},"content":{"rendered":"<p style=\"text-align: justify;\"><img decoding=\"async\" loading=\"lazy\" class=\"wp-image-81 alignleft\" src=\"http:\/\/clinpet.com.br\/site\/wp-content\/uploads\/2017\/02\/IMG_2826-300x200.jpg\" alt=\"\" width=\"201\" height=\"134\" srcset=\"http:\/\/clinpet.com.br\/site\/wp-content\/uploads\/2017\/02\/IMG_2826-300x200.jpg 300w, http:\/\/clinpet.com.br\/site\/wp-content\/uploads\/2017\/02\/IMG_2826-768x512.jpg 768w, http:\/\/clinpet.com.br\/site\/wp-content\/uploads\/2017\/02\/IMG_2826-1024x683.jpg 1024w\" sizes=\"(max-width: 201px) 100vw, 201px\" \/>A CLIN PET atende a todas as normatiza\u00e7\u00f5es de Boas Pr\u00e1ticas de Higieniza\u00e7\u00e3o de Estabelecimentos de Saude.<\/p>\n<p style=\"text-align: justify;\">Atrav\u00e9s de consultorias especializadas n\u00f3s criamos\u00a0o EAS (Higiene de Estabelecimento de Sa\u00fade)\u00a0 com o objetivo de estabelecer normas e rotinas r\u00edgidas para a limpeza, desinfec\u00e7\u00e3o e esteriliza\u00e7\u00e3o dos ambientes.<\/p>\n<p style=\"text-align: justify;\"><img decoding=\"async\" loading=\"lazy\" class=\"alignright wp-image-77\" src=\"http:\/\/clinpet.com.br\/site\/wp-content\/uploads\/2017\/02\/IMG_2787-300x200.jpg\" alt=\"\" width=\"203\" height=\"135\" srcset=\"http:\/\/clinpet.com.br\/site\/wp-content\/uploads\/2017\/02\/IMG_2787-300x200.jpg 300w, http:\/\/clinpet.com.br\/site\/wp-content\/uploads\/2017\/02\/IMG_2787-768x512.jpg 768w, http:\/\/clinpet.com.br\/site\/wp-content\/uploads\/2017\/02\/IMG_2787-1024x683.jpg 1024w\" sizes=\"(max-width: 203px) 100vw, 203px\" \/>Inserida em uma comunidade de preserva\u00e7\u00e3o ambiental, a CLIN PET instalou em suas depend\u00eancias uma esta\u00e7\u00e3o de tratamento de \u00e1gua visando minimizar o impacto ambiental.<\/p>\n<p style=\"text-align: justify;\">Buscando atender a todos os padr\u00f5es de qualidade e higiene, a CLIN PET trabalha incansavelmente para oferecer o melhor para seus clientes e pacientes.<\/p>\n<p style=\"text-align: justify;\">\n<p style=\"text-align: justify;\"><img decoding=\"async\" loading=\"lazy\" class=\"alignnone  wp-image-149\" src=\"http:\/\/clinpet.com.br\/site\/wp-content\/uploads\/2017\/02\/IMG_2757-300x200.jpg\" alt=\"\" width=\"245\" height=\"163\" srcset=\"http:\/\/clinpet.com.br\/site\/wp-content\/uploads\/2017\/02\/IMG_2757-300x200.jpg 300w, http:\/\/clinpet.com.br\/site\/wp-content\/uploads\/2017\/02\/IMG_2757-768x512.jpg 768w, http:\/\/clinpet.com.br\/site\/wp-content\/uploads\/2017\/02\/IMG_2757-1024x683.jpg 1024w\" sizes=\"(max-width: 245px) 100vw, 245px\" \/>\u00a0<img decoding=\"async\" loading=\"lazy\" class=\"alignnone  wp-image-150\" src=\"http:\/\/clinpet.com.br\/site\/wp-content\/uploads\/2017\/02\/IMG_2762-300x200.jpg\" alt=\"\" width=\"245\" height=\"163\" srcset=\"http:\/\/clinpet.com.br\/site\/wp-content\/uploads\/2017\/02\/IMG_2762-300x200.jpg 300w, http:\/\/clinpet.com.br\/site\/wp-content\/uploads\/2017\/02\/IMG_2762-768x512.jpg 768w, http:\/\/clinpet.com.br\/site\/wp-content\/uploads\/2017\/02\/IMG_2762-1024x683.jpg 1024w\" sizes=\"(max-width: 245px) 100vw, 245px\" \/>\u00a0<img decoding=\"async\" loading=\"lazy\" class=\"alignnone  wp-image-151\" src=\"http:\/\/clinpet.com.br\/site\/wp-content\/uploads\/2017\/02\/IMG_2783-300x200.jpg\" alt=\"\" width=\"245\" height=\"163\" srcset=\"http:\/\/clinpet.com.br\/site\/wp-content\/uploads\/2017\/02\/IMG_2783-300x200.jpg 300w, http:\/\/clinpet.com.br\/site\/wp-content\/uploads\/2017\/02\/IMG_2783-768x512.jpg 768w, http:\/\/clinpet.com.br\/site\/wp-content\/uploads\/2017\/02\/IMG_2783-1024x683.jpg 1024w\" sizes=\"(max-width: 245px) 100vw, 245px\" \/><\/p>\n","protected":false},"excerpt":{"rendered":"<p>A CLIN PET atende a todas as normatiza\u00e7\u00f5es de Boas Pr\u00e1ticas de Higieniza\u00e7\u00e3o de Estabelecimentos de Saude. Atrav\u00e9s de consultorias especializadas n\u00f3s criamos\u00a0o EAS (Higiene<\/p>\n<div class=\"read-more-wrapper\"><a class=\"link small\" href=\"http:\/\/clinpet.com.br\/site\/index.php\/qualidade\/\" role=\"button\">Read more<span class=\"nc-icon-glyph arrows-1_bold-right\"><\/span><\/a><\/div>\n","protected":false},"author":1,"featured_media":0,"parent":0,"menu_order":0,"comment_status":"closed","ping_status":"closed","template":"","meta":[],"_links":{"self":[{"href":"http:\/\/clinpet.com.br\/site\/index.php\/wp-json\/wp\/v2\/pages\/22"}],"collection":[{"href":"http:\/\/clinpet.com.br\/site\/index.php\/wp-json\/wp\/v2\/pages"}],"about":[{"href":"http:\/\/clinpet.com.br\/site\/index.php\/wp-json\/wp\/v2\/types\/page"}],"author":[{"embeddable":true,"href":"http:\/\/clinpet.com.br\/site\/index.php\/wp-json\/wp\/v2\/users\/1"}],"replies":[{"embeddable":true,"href":"http:\/\/clinpet.com.br\/site\/index.php\/wp-json\/wp\/v2\/comments?post=22"}],"version-history":[{"count":8,"href":"http:\/\/clinpet.com.br\/site\/index.php\/wp-json\/wp\/v2\/pages\/22\/revisions"}],"predecessor-version":[{"id":152,"href":"http:\/\/clinpet.com.br\/site\/index.php\/wp-json\/wp\/v2\/pages\/22\/revisions\/152"}],"wp:attachment":[{"href":"http:\/\/clinpet.com.br\/site\/index.php\/wp-json\/wp\/v2\/media?parent=22"}],"curies":[{"name":"wp","href":"https:\/\/api.w.org\/{rel}","templated":true}]}}